{"id":6334,"date":"2025-01-08T19:49:42","date_gmt":"2025-01-08T16:49:42","guid":{"rendered":"https:\/\/chaharstore.com\/en\/?post_type=product&#038;p=6334"},"modified":"2025-01-08T19:53:36","modified_gmt":"2025-01-08T16:53:36","slug":"iconic-gobeklitepe-monolith","status":"publish","type":"product","link":"https:\/\/chaharstore.com\/en\/product\/iconic-gobeklitepe-monolith\/","title":{"rendered":"Iconic G\u00f6beklitepe Monolith"},"content":{"rendered":"<p>This ceramic statue of G\u00f6beklitepe is a handmade copy of the iconic Gobeklitepe pillar. This unique piece carefully recreates the motifs that define the original pillar, offering a striking and detailed representation that captures the essence of its ancient design. And also it is crafted with the wall it was embedded in, just like in the archaeological site!<\/p>\n<p>This monolith is Pillar 43, Enclosure D.<br \/>\nH: 8.2&#8243; \/ 21 cm,<br \/>\nW: 4.51 \/ 11.5 cm<\/p>\n<p>&#8212;&#8212;&#8212;&#8212;&#8212;&#8212;&#8212;&#8212;&#8212;&#8212;&#8212;&#8212;&#8212;&#8212;&#8212;&#8212;&#8212;&#8212;&#8212;&#8212;&#8212;&#8212;&#8212;&#8212;&#8211;<br \/>\nSome background on G\u00f6beklitepe:<br \/>\nG\u00f6bekli Tepe (&#8220;Potbelly Hill&#8221;) is a Neolithic archaeological site near the city of \u015eanl\u0131urfa in Southeastern Anatolia, Turkey. Dating back to the Pre-Pottery Neolithic, the site is the oldest man-made place of worship yet discovered. G\u00f6beklitepe displays unique archaeological findings while preserving its existence with an untouched natural environment for 12000 years.<br \/>\nThe site comprises a number of large circular structures supported by massive stone pillars. In the centre of the enclosures\/rounds stand always two bigger pillars, with a height of over 5m. The T-shape is clearly an abstract depiction of the human body seen from the side. Each T-shaped monolithic pillar contains carved reliefs of animals \u2013 gazelles, snakes, foxes, and lions \u2013 as well as abstract characters and icons.<br \/>\nTalking about G\u00f6beklitepe, I would also like to commemorate Klaus Schmidt, the former head of the G\u00f6bekli Tepe research project and head of excavations until his unexpected death 7 years ago.<br \/>\n&#8212;&#8212;&#8212;&#8212;&#8212;&#8212;&#8212;&#8212;&#8212;&#8212;&#8212;&#8212;&#8212;&#8212;&#8212;&#8212;&#8212;&#8212;&#8212;&#8212;&#8212;&#8212;&#8212;&#8212;&#8212;<\/p>\n<h4><strong><span style=\"color: #ff6600;\"><em>To purchase the item please proceed to my Etsy shop<\/em> <\/span><\/strong><span style=\"color: #ff6600;\">&gt;&gt;<\/span> <a href=\"https:\/\/www.etsy.com\/shop\/ChaharStore\">https:\/\/www.etsy.com\/shop\/ChaharStore<\/a><\/h4>\n","protected":false},"excerpt":{"rendered":"<p>Neolithic statues<\/p>\n","protected":false},"featured_media":6337,"comment_status":"open","ping_status":"closed","template":"","meta":[],"product_cat":[145],"product_tag":[143,151],"class_list":["post-6334","product","type-product","status-publish","has-post-thumbnail","hentry","product_cat-ancient-art","product_tag-ancient-art","product_tag-gobeklitepe"],"yoast_head":"<!-- This site is optimized with the Yoast SEO plugin v18.8 - https:\/\/yoast.com\/wordpress\/plugins\/seo\/ -->\n<title>Iconic G\u00f6beklitepe Monolith - Chahar Store<\/title>\n<meta name=\"robots\" content=\"index, follow, max-snippet:-1, max-image-preview:large, max-video-preview:-1\" \/>\n<link rel=\"canonical\" href=\"https:\/\/chaharstore.com\/en\/product\/iconic-gobeklitepe-monolith\/\" \/>\n<meta property=\"og:locale\" content=\"en_US\" \/>\n<meta property=\"og:type\" content=\"article\" \/>\n<meta property=\"og:title\" content=\"Iconic G\u00f6beklitepe Monolith - Chahar Store\" \/>\n<meta property=\"og:description\" content=\"Neolithic statues\" \/>\n<meta property=\"og:url\" content=\"https:\/\/chaharstore.com\/en\/product\/iconic-gobeklitepe-monolith\/\" \/>\n<meta property=\"og:site_name\" content=\"Chahar Store\" \/>\n<meta property=\"article:modified_time\" content=\"2025-01-08T16:53:36+00:00\" \/>\n<meta property=\"og:image\" content=\"https:\/\/chaharstore.com\/en\/wp-content\/uploads\/2025\/01\/2_1-scaled.jpg\" \/>\n\t<meta property=\"og:image:width\" content=\"1920\" \/>\n\t<meta property=\"og:image:height\" content=\"2560\" \/>\n\t<meta property=\"og:image:type\" content=\"image\/jpeg\" \/>\n<meta name=\"twitter:card\" content=\"summary_large_image\" \/>\n<meta name=\"twitter:label1\" content=\"Est. reading time\" \/>\n\t<meta name=\"twitter:data1\" content=\"1 minute\" \/>\n<script type=\"application\/ld+json\" class=\"yoast-schema-graph\">{\"@context\":\"https:\/\/schema.org\",\"@graph\":[{\"@type\":\"WebSite\",\"@id\":\"https:\/\/chaharstore.com\/en\/#website\",\"url\":\"https:\/\/chaharstore.com\/en\/\",\"name\":\"Chahar Store\",\"description\":\".Handmade Ceramic Sculptures\",\"potentialAction\":[{\"@type\":\"SearchAction\",\"target\":{\"@type\":\"EntryPoint\",\"urlTemplate\":\"https:\/\/chaharstore.com\/en\/?s={search_term_string}\"},\"query-input\":\"required name=search_term_string\"}],\"inLanguage\":\"en-US\"},{\"@type\":\"ImageObject\",\"inLanguage\":\"en-US\",\"@id\":\"https:\/\/chaharstore.com\/en\/product\/iconic-gobeklitepe-monolith\/#primaryimage\",\"url\":\"https:\/\/chaharstore.com\/en\/wp-content\/uploads\/2025\/01\/2_1-scaled.jpg\",\"contentUrl\":\"https:\/\/chaharstore.com\/en\/wp-content\/uploads\/2025\/01\/2_1-scaled.jpg\",\"width\":1920,\"height\":2560,\"caption\":\"Gobeklitepe Monolith\"},{\"@type\":\"WebPage\",\"@id\":\"https:\/\/chaharstore.com\/en\/product\/iconic-gobeklitepe-monolith\/#webpage\",\"url\":\"https:\/\/chaharstore.com\/en\/product\/iconic-gobeklitepe-monolith\/\",\"name\":\"Iconic G\u00f6beklitepe Monolith - Chahar Store\",\"isPartOf\":{\"@id\":\"https:\/\/chaharstore.com\/en\/#website\"},\"primaryImageOfPage\":{\"@id\":\"https:\/\/chaharstore.com\/en\/product\/iconic-gobeklitepe-monolith\/#primaryimage\"},\"datePublished\":\"2025-01-08T16:49:42+00:00\",\"dateModified\":\"2025-01-08T16:53:36+00:00\",\"breadcrumb\":{\"@id\":\"https:\/\/chaharstore.com\/en\/product\/iconic-gobeklitepe-monolith\/#breadcrumb\"},\"inLanguage\":\"en-US\",\"potentialAction\":[{\"@type\":\"ReadAction\",\"target\":[\"https:\/\/chaharstore.com\/en\/product\/iconic-gobeklitepe-monolith\/\"]}]},{\"@type\":\"BreadcrumbList\",\"@id\":\"https:\/\/chaharstore.com\/en\/product\/iconic-gobeklitepe-monolith\/#breadcrumb\",\"itemListElement\":[{\"@type\":\"ListItem\",\"position\":1,\"name\":\"Home\",\"item\":\"https:\/\/chaharstore.com\/en\/\"},{\"@type\":\"ListItem\",\"position\":2,\"name\":\"Shop\",\"item\":\"https:\/\/chaharstore.com\/en\/shop\/\"},{\"@type\":\"ListItem\",\"position\":3,\"name\":\"Iconic G\u00f6beklitepe Monolith\"}]}]}<\/script>\n<!-- \/ Yoast SEO plugin. -->","yoast_head_json":{"title":"Iconic G\u00f6beklitepe Monolith - Chahar Store","robots":{"index":"index","follow":"follow","max-snippet":"max-snippet:-1","max-image-preview":"max-image-preview:large","max-video-preview":"max-video-preview:-1"},"canonical":"https:\/\/chaharstore.com\/en\/product\/iconic-gobeklitepe-monolith\/","og_locale":"en_US","og_type":"article","og_title":"Iconic G\u00f6beklitepe Monolith - Chahar Store","og_description":"Neolithic statues","og_url":"https:\/\/chaharstore.com\/en\/product\/iconic-gobeklitepe-monolith\/","og_site_name":"Chahar Store","article_modified_time":"2025-01-08T16:53:36+00:00","og_image":[{"width":1920,"height":2560,"url":"https:\/\/chaharstore.com\/en\/wp-content\/uploads\/2025\/01\/2_1-scaled.jpg","type":"image\/jpeg"}],"twitter_card":"summary_large_image","twitter_misc":{"Est. reading time":"1 minute"},"schema":{"@context":"https:\/\/schema.org","@graph":[{"@type":"WebSite","@id":"https:\/\/chaharstore.com\/en\/#website","url":"https:\/\/chaharstore.com\/en\/","name":"Chahar Store","description":".Handmade Ceramic Sculptures","potentialAction":[{"@type":"SearchAction","target":{"@type":"EntryPoint","urlTemplate":"https:\/\/chaharstore.com\/en\/?s={search_term_string}"},"query-input":"required name=search_term_string"}],"inLanguage":"en-US"},{"@type":"ImageObject","inLanguage":"en-US","@id":"https:\/\/chaharstore.com\/en\/product\/iconic-gobeklitepe-monolith\/#primaryimage","url":"https:\/\/chaharstore.com\/en\/wp-content\/uploads\/2025\/01\/2_1-scaled.jpg","contentUrl":"https:\/\/chaharstore.com\/en\/wp-content\/uploads\/2025\/01\/2_1-scaled.jpg","width":1920,"height":2560,"caption":"Gobeklitepe Monolith"},{"@type":"WebPage","@id":"https:\/\/chaharstore.com\/en\/product\/iconic-gobeklitepe-monolith\/#webpage","url":"https:\/\/chaharstore.com\/en\/product\/iconic-gobeklitepe-monolith\/","name":"Iconic G\u00f6beklitepe Monolith - Chahar Store","isPartOf":{"@id":"https:\/\/chaharstore.com\/en\/#website"},"primaryImageOfPage":{"@id":"https:\/\/chaharstore.com\/en\/product\/iconic-gobeklitepe-monolith\/#primaryimage"},"datePublished":"2025-01-08T16:49:42+00:00","dateModified":"2025-01-08T16:53:36+00:00","breadcrumb":{"@id":"https:\/\/chaharstore.com\/en\/product\/iconic-gobeklitepe-monolith\/#breadcrumb"},"inLanguage":"en-US","potentialAction":[{"@type":"ReadAction","target":["https:\/\/chaharstore.com\/en\/product\/iconic-gobeklitepe-monolith\/"]}]},{"@type":"BreadcrumbList","@id":"https:\/\/chaharstore.com\/en\/product\/iconic-gobeklitepe-monolith\/#breadcrumb","itemListElement":[{"@type":"ListItem","position":1,"name":"Home","item":"https:\/\/chaharstore.com\/en\/"},{"@type":"ListItem","position":2,"name":"Shop","item":"https:\/\/chaharstore.com\/en\/shop\/"},{"@type":"ListItem","position":3,"name":"Iconic G\u00f6beklitepe Monolith"}]}]}},"_links":{"self":[{"href":"https:\/\/chaharstore.com\/en\/wp-json\/wp\/v2\/product\/6334","targetHints":{"allow":["GET"]}}],"collection":[{"href":"https:\/\/chaharstore.com\/en\/wp-json\/wp\/v2\/product"}],"about":[{"href":"https:\/\/chaharstore.com\/en\/wp-json\/wp\/v2\/types\/product"}],"replies":[{"embeddable":true,"href":"https:\/\/chaharstore.com\/en\/wp-json\/wp\/v2\/comments?post=6334"}],"wp:featuredmedia":[{"embeddable":true,"href":"https:\/\/chaharstore.com\/en\/wp-json\/wp\/v2\/media\/6337"}],"wp:attachment":[{"href":"https:\/\/chaharstore.com\/en\/wp-json\/wp\/v2\/media?parent=6334"}],"wp:term":[{"taxonomy":"product_cat","embeddable":true,"href":"https:\/\/chaharstore.com\/en\/wp-json\/wp\/v2\/product_cat?post=6334"},{"taxonomy":"product_tag","embeddable":true,"href":"https:\/\/chaharstore.com\/en\/wp-json\/wp\/v2\/product_tag?post=6334"}],"curies":[{"name":"wp","href":"https:\/\/api.w.org\/{rel}","templated":true}]}}