{"id":6010,"date":"2021-10-15T15:36:48","date_gmt":"2021-10-15T12:36:48","guid":{"rendered":"http:\/\/chaharstore.com\/en\/?post_type=product&#038;p=6010"},"modified":"2024-07-09T07:59:07","modified_gmt":"2024-07-09T04:59:07","slug":"gobeklitepe-statues-3-piece-set-t-shaped-ceramics","status":"publish","type":"product","link":"https:\/\/chaharstore.com\/en\/product\/gobeklitepe-statues-3-piece-set-t-shaped-ceramics\/","title":{"rendered":"G\u00f6beklitepe Statues 3-Piece Set"},"content":{"rendered":"<p>This ceramic statues of G\u00f6beklitepe are handmade copies of my favorite T-shaped pillars (monoliths) from the area. Since I visited G\u00f6beklitepe in 2019, my inspiration was to create the small versions of the T-shaped pillars. Life-size statues are amazing, therefore I tried to give each detail when I worked with clay. The last 3 photos were taken from the area.<\/p>\n<p>This 3-piece-statue set contains the monoliths below (according to mapped and numbered area during the excavations):<br \/>\n&#8211; Pillar 2 in Enclosure A with three motifs: bull (or aurochs), fox and crane<br \/>\nH: 16.5 cm, W: 5 cm, D: 3 cm<br \/>\n&#8211; Pillar 37, the central pillar of Enclosure C, with the motif of a fox -with the detail of male genitalia<br \/>\nH:10.5 cm, W:6.5 cm, D: 2 cm<br \/>\n&#8211; The 3rd pillar, with the sculpture of lion<br \/>\nH:10.5 cm, W: 6.5 cm, D:1.5 cm<br \/>\n&#8212;&#8212;&#8212;&#8212;&#8212;&#8212;&#8212;&#8212;&#8212;&#8212;&#8212;&#8212;&#8212;&#8212;&#8212;&#8212;&#8212;&#8212;&#8212;&#8212;&#8212;&#8212;&#8212;&#8212;&#8211;<br \/>\nSome background on G\u00f6beklitepe:<br \/>\nG\u00f6bekli Tepe (&#8220;Potbelly Hill&#8221;) is a Neolithic archaeological site near the city of \u015eanl\u0131urfa in Southeastern Anatolia, Turkey. Dating back to the Pre-Pottery Neolithic, the site is the oldest man-made place of worship yet discovered. G\u00f6beklitepe displays unique archaeological findings while preserving its existence with an untouched natural environment for 12000 years.<br \/>\nThe site comprises a number of large circular structures supported by massive stone pillars. In the centre of the enclosures\/rounds stand always two bigger pillars, with a height of over 5m. The T-shape is clearly an abstract depiction of the human body seen from the side. Each T-shaped monolithic pillar contains carved reliefs of animals \u2013 gazelles, snakes, foxes, and lions \u2013 as well as abstract characters and icons.<br \/>\nTalking about G\u00f6beklitepe, I would also like to commemorate Klaus Schmidt, the former head of the G\u00f6bekli Tepe research project and head of excavations until his unexpected death 7 years ago.<br \/>\n&#8212;&#8212;&#8212;&#8212;&#8212;&#8212;&#8212;&#8212;&#8212;&#8212;&#8212;&#8212;&#8212;&#8212;&#8212;&#8212;&#8212;&#8212;&#8212;&#8212;&#8212;&#8212;&#8212;&#8212;&#8212;<\/p>\n<h4><strong><span style=\"color: #ff6600;\"><em>To purchase the item please proceed to my Etsy shop<\/em> <\/span><\/strong><span style=\"color: #ff6600;\">&gt;&gt;<\/span> <a href=\"https:\/\/www.etsy.com\/shop\/ChaharStore\">https:\/\/www.etsy.com\/shop\/ChaharStore<\/a><\/h4>\n","protected":false},"excerpt":{"rendered":"<p>Neolithic statues<\/p>\n","protected":false},"featured_media":6012,"comment_status":"open","ping_status":"closed","template":"","meta":[],"product_cat":[145],"product_tag":[143,151],"class_list":["post-6010","product","type-product","status-publish","has-post-thumbnail","hentry","product_cat-ancient-art","product_tag-ancient-art","product_tag-gobeklitepe"],"yoast_head":"<!-- This site is optimized with the Yoast SEO plugin v18.8 - https:\/\/yoast.com\/wordpress\/plugins\/seo\/ -->\n<title>G\u00f6beklitepe Statues 3-Piece Set - Chahar Store<\/title>\n<meta name=\"robots\" content=\"index, follow, max-snippet:-1, max-image-preview:large, max-video-preview:-1\" \/>\n<link rel=\"canonical\" href=\"https:\/\/chaharstore.com\/en\/product\/gobeklitepe-statues-3-piece-set-t-shaped-ceramics\/\" \/>\n<meta property=\"og:locale\" content=\"en_US\" \/>\n<meta property=\"og:type\" content=\"article\" \/>\n<meta property=\"og:title\" content=\"G\u00f6beklitepe Statues 3-Piece Set - Chahar Store\" \/>\n<meta property=\"og:description\" content=\"Neolithic statues\" \/>\n<meta property=\"og:url\" content=\"https:\/\/chaharstore.com\/en\/product\/gobeklitepe-statues-3-piece-set-t-shaped-ceramics\/\" \/>\n<meta property=\"og:site_name\" content=\"Chahar Store\" \/>\n<meta property=\"article:modified_time\" content=\"2024-07-09T04:59:07+00:00\" \/>\n<meta property=\"og:image\" content=\"https:\/\/chaharstore.com\/en\/wp-content\/uploads\/2021\/10\/6-scaled.jpg\" \/>\n\t<meta property=\"og:image:width\" content=\"2560\" \/>\n\t<meta property=\"og:image:height\" content=\"1929\" \/>\n\t<meta property=\"og:image:type\" content=\"image\/jpeg\" \/>\n<meta name=\"twitter:card\" content=\"summary_large_image\" \/>\n<meta name=\"twitter:label1\" content=\"Est. reading time\" \/>\n\t<meta name=\"twitter:data1\" content=\"2 minutes\" \/>\n<script type=\"application\/ld+json\" class=\"yoast-schema-graph\">{\"@context\":\"https:\/\/schema.org\",\"@graph\":[{\"@type\":\"WebSite\",\"@id\":\"https:\/\/chaharstore.com\/en\/#website\",\"url\":\"https:\/\/chaharstore.com\/en\/\",\"name\":\"Chahar Store\",\"description\":\".Handmade Ceramic Sculptures\",\"potentialAction\":[{\"@type\":\"SearchAction\",\"target\":{\"@type\":\"EntryPoint\",\"urlTemplate\":\"https:\/\/chaharstore.com\/en\/?s={search_term_string}\"},\"query-input\":\"required name=search_term_string\"}],\"inLanguage\":\"en-US\"},{\"@type\":\"ImageObject\",\"inLanguage\":\"en-US\",\"@id\":\"https:\/\/chaharstore.com\/en\/product\/gobeklitepe-statues-3-piece-set-t-shaped-ceramics\/#primaryimage\",\"url\":\"https:\/\/chaharstore.com\/en\/wp-content\/uploads\/2021\/10\/6-scaled.jpg\",\"contentUrl\":\"https:\/\/chaharstore.com\/en\/wp-content\/uploads\/2021\/10\/6-scaled.jpg\",\"width\":2560,\"height\":1929,\"caption\":\"Gobeklitepe Statue\"},{\"@type\":\"WebPage\",\"@id\":\"https:\/\/chaharstore.com\/en\/product\/gobeklitepe-statues-3-piece-set-t-shaped-ceramics\/#webpage\",\"url\":\"https:\/\/chaharstore.com\/en\/product\/gobeklitepe-statues-3-piece-set-t-shaped-ceramics\/\",\"name\":\"G\u00f6beklitepe Statues 3-Piece Set - Chahar Store\",\"isPartOf\":{\"@id\":\"https:\/\/chaharstore.com\/en\/#website\"},\"primaryImageOfPage\":{\"@id\":\"https:\/\/chaharstore.com\/en\/product\/gobeklitepe-statues-3-piece-set-t-shaped-ceramics\/#primaryimage\"},\"datePublished\":\"2021-10-15T12:36:48+00:00\",\"dateModified\":\"2024-07-09T04:59:07+00:00\",\"breadcrumb\":{\"@id\":\"https:\/\/chaharstore.com\/en\/product\/gobeklitepe-statues-3-piece-set-t-shaped-ceramics\/#breadcrumb\"},\"inLanguage\":\"en-US\",\"potentialAction\":[{\"@type\":\"ReadAction\",\"target\":[\"https:\/\/chaharstore.com\/en\/product\/gobeklitepe-statues-3-piece-set-t-shaped-ceramics\/\"]}]},{\"@type\":\"BreadcrumbList\",\"@id\":\"https:\/\/chaharstore.com\/en\/product\/gobeklitepe-statues-3-piece-set-t-shaped-ceramics\/#breadcrumb\",\"itemListElement\":[{\"@type\":\"ListItem\",\"position\":1,\"name\":\"Home\",\"item\":\"https:\/\/chaharstore.com\/en\/\"},{\"@type\":\"ListItem\",\"position\":2,\"name\":\"Shop\",\"item\":\"https:\/\/chaharstore.com\/en\/shop\/\"},{\"@type\":\"ListItem\",\"position\":3,\"name\":\"G\u00f6beklitepe Statues 3-Piece Set\"}]}]}<\/script>\n<!-- \/ Yoast SEO plugin. -->","yoast_head_json":{"title":"G\u00f6beklitepe Statues 3-Piece Set - Chahar Store","robots":{"index":"index","follow":"follow","max-snippet":"max-snippet:-1","max-image-preview":"max-image-preview:large","max-video-preview":"max-video-preview:-1"},"canonical":"https:\/\/chaharstore.com\/en\/product\/gobeklitepe-statues-3-piece-set-t-shaped-ceramics\/","og_locale":"en_US","og_type":"article","og_title":"G\u00f6beklitepe Statues 3-Piece Set - Chahar Store","og_description":"Neolithic statues","og_url":"https:\/\/chaharstore.com\/en\/product\/gobeklitepe-statues-3-piece-set-t-shaped-ceramics\/","og_site_name":"Chahar Store","article_modified_time":"2024-07-09T04:59:07+00:00","og_image":[{"width":2560,"height":1929,"url":"https:\/\/chaharstore.com\/en\/wp-content\/uploads\/2021\/10\/6-scaled.jpg","type":"image\/jpeg"}],"twitter_card":"summary_large_image","twitter_misc":{"Est. reading time":"2 minutes"},"schema":{"@context":"https:\/\/schema.org","@graph":[{"@type":"WebSite","@id":"https:\/\/chaharstore.com\/en\/#website","url":"https:\/\/chaharstore.com\/en\/","name":"Chahar Store","description":".Handmade Ceramic Sculptures","potentialAction":[{"@type":"SearchAction","target":{"@type":"EntryPoint","urlTemplate":"https:\/\/chaharstore.com\/en\/?s={search_term_string}"},"query-input":"required name=search_term_string"}],"inLanguage":"en-US"},{"@type":"ImageObject","inLanguage":"en-US","@id":"https:\/\/chaharstore.com\/en\/product\/gobeklitepe-statues-3-piece-set-t-shaped-ceramics\/#primaryimage","url":"https:\/\/chaharstore.com\/en\/wp-content\/uploads\/2021\/10\/6-scaled.jpg","contentUrl":"https:\/\/chaharstore.com\/en\/wp-content\/uploads\/2021\/10\/6-scaled.jpg","width":2560,"height":1929,"caption":"Gobeklitepe Statue"},{"@type":"WebPage","@id":"https:\/\/chaharstore.com\/en\/product\/gobeklitepe-statues-3-piece-set-t-shaped-ceramics\/#webpage","url":"https:\/\/chaharstore.com\/en\/product\/gobeklitepe-statues-3-piece-set-t-shaped-ceramics\/","name":"G\u00f6beklitepe Statues 3-Piece Set - Chahar Store","isPartOf":{"@id":"https:\/\/chaharstore.com\/en\/#website"},"primaryImageOfPage":{"@id":"https:\/\/chaharstore.com\/en\/product\/gobeklitepe-statues-3-piece-set-t-shaped-ceramics\/#primaryimage"},"datePublished":"2021-10-15T12:36:48+00:00","dateModified":"2024-07-09T04:59:07+00:00","breadcrumb":{"@id":"https:\/\/chaharstore.com\/en\/product\/gobeklitepe-statues-3-piece-set-t-shaped-ceramics\/#breadcrumb"},"inLanguage":"en-US","potentialAction":[{"@type":"ReadAction","target":["https:\/\/chaharstore.com\/en\/product\/gobeklitepe-statues-3-piece-set-t-shaped-ceramics\/"]}]},{"@type":"BreadcrumbList","@id":"https:\/\/chaharstore.com\/en\/product\/gobeklitepe-statues-3-piece-set-t-shaped-ceramics\/#breadcrumb","itemListElement":[{"@type":"ListItem","position":1,"name":"Home","item":"https:\/\/chaharstore.com\/en\/"},{"@type":"ListItem","position":2,"name":"Shop","item":"https:\/\/chaharstore.com\/en\/shop\/"},{"@type":"ListItem","position":3,"name":"G\u00f6beklitepe Statues 3-Piece Set"}]}]}},"_links":{"self":[{"href":"https:\/\/chaharstore.com\/en\/wp-json\/wp\/v2\/product\/6010","targetHints":{"allow":["GET"]}}],"collection":[{"href":"https:\/\/chaharstore.com\/en\/wp-json\/wp\/v2\/product"}],"about":[{"href":"https:\/\/chaharstore.com\/en\/wp-json\/wp\/v2\/types\/product"}],"replies":[{"embeddable":true,"href":"https:\/\/chaharstore.com\/en\/wp-json\/wp\/v2\/comments?post=6010"}],"wp:featuredmedia":[{"embeddable":true,"href":"https:\/\/chaharstore.com\/en\/wp-json\/wp\/v2\/media\/6012"}],"wp:attachment":[{"href":"https:\/\/chaharstore.com\/en\/wp-json\/wp\/v2\/media?parent=6010"}],"wp:term":[{"taxonomy":"product_cat","embeddable":true,"href":"https:\/\/chaharstore.com\/en\/wp-json\/wp\/v2\/product_cat?post=6010"},{"taxonomy":"product_tag","embeddable":true,"href":"https:\/\/chaharstore.com\/en\/wp-json\/wp\/v2\/product_tag?post=6010"}],"curies":[{"name":"wp","href":"https:\/\/api.w.org\/{rel}","templated":true}]}}